{"id":28,"date":"2020-01-29T20:54:02","date_gmt":"2020-01-29T19:54:02","guid":{"rendered":"https:\/\/tcvp4.donbosco-tahiti.pf\/?page_id=28"},"modified":"2020-02-03T19:13:48","modified_gmt":"2020-02-03T18:13:48","slug":"tahiti-pose","status":"publish","type":"page","link":"https:\/\/tcvp4.donbosco-tahiti.pf\/","title":{"rendered":"Tahiti Pose"},"content":{"rendered":"\n<p class=\"has-text-align-center\"><strong>Accueil | Nos piscines | Nos projets | Contact<\/strong><\/p>\n\n\n\n<figure class=\"wp-block-image size-large\"><img loading=\"lazy\" width=\"640\" height=\"429\" src=\"https:\/\/tcvp4.donbosco-tahiti.pf\/wp-content\/uploads\/2020\/01\/une-piscine-de-luxe-1-2011-640-0-1.jpg\" alt=\"\" class=\"wp-image-55\" srcset=\"https:\/\/tcvp4.donbosco-tahiti.pf\/wp-content\/uploads\/2020\/01\/une-piscine-de-luxe-1-2011-640-0-1.jpg 640w, https:\/\/tcvp4.donbosco-tahiti.pf\/wp-content\/uploads\/2020\/01\/une-piscine-de-luxe-1-2011-640-0-1-300x201.jpg 300w\" sizes=\"(max-width: 640px) 100vw, 640px\" \/><\/figure>\n\n\n\n<p>Bienvenu dans le site TahitiPose dans lequel nous pr\u00e9sentons nos diff\u00e9rentes piscines ainsi que les projets que nous avions actuellement. Nous ne prenons aucune commande en ligne car nous proposons uniquement les diff\u00e9rentes piscines que l&rsquo;on poss\u00e8de et ceux qui sont int\u00e9resser pourront nous contacter pour prendre commande et venir chercher leur piscines chez TahitiPose.<\/p>\n","protected":false},"excerpt":{"rendered":"<p>Accueil | Nos piscines | Nos projets | Contact Bienvenu dans le site TahitiPose dans lequel nous pr\u00e9sentons nos diff\u00e9rentes piscines ainsi que les projets que nous avions actuellement. Nous ne prenons aucune commande en ligne car nous proposons uniquement les diff\u00e9rentes piscines que l&rsquo;on poss\u00e8de et ceux qui sont int\u00e9resser pourront nous contacter pour [&hellip;]<\/p>\n","protected":false},"author":2,"featured_media":0,"parent":0,"menu_order":0,"comment_status":"closed","ping_status":"closed","template":"","meta":[],"_links":{"self":[{"href":"https:\/\/tcvp4.donbosco-tahiti.pf\/index.php?rest_route=\/wp\/v2\/pages\/28"}],"collection":[{"href":"https:\/\/tcvp4.donbosco-tahiti.pf\/index.php?rest_route=\/wp\/v2\/pages"}],"about":[{"href":"https:\/\/tcvp4.donbosco-tahiti.pf\/index.php?rest_route=\/wp\/v2\/types\/page"}],"author":[{"embeddable":true,"href":"https:\/\/tcvp4.donbosco-tahiti.pf\/index.php?rest_route=\/wp\/v2\/users\/2"}],"replies":[{"embeddable":true,"href":"https:\/\/tcvp4.donbosco-tahiti.pf\/index.php?rest_route=%2Fwp%2Fv2%2Fcomments&post=28"}],"version-history":[{"count":7,"href":"https:\/\/tcvp4.donbosco-tahiti.pf\/index.php?rest_route=\/wp\/v2\/pages\/28\/revisions"}],"predecessor-version":[{"id":61,"href":"https:\/\/tcvp4.donbosco-tahiti.pf\/index.php?rest_route=\/wp\/v2\/pages\/28\/revisions\/61"}],"wp:attachment":[{"href":"https:\/\/tcvp4.donbosco-tahiti.pf\/index.php?rest_route=%2Fwp%2Fv2%2Fmedia&parent=28"}],"curies":[{"name":"wp","href":"https:\/\/api.w.org\/{rel}","templated":true}]}}