{"id":17,"date":"2020-01-29T21:09:13","date_gmt":"2020-01-29T20:09:13","guid":{"rendered":"https:\/\/tcvp4.donbosco-tahiti.pf\/?page_id=17"},"modified":"2020-01-31T00:43:47","modified_gmt":"2020-01-30T23:43:47","slug":"nos-piscines","status":"publish","type":"page","link":"https:\/\/tcvp4.donbosco-tahiti.pf\/?page_id=17","title":{"rendered":"Nos piscines"},"content":{"rendered":"\n<h2 class=\"has-text-align-center\">Nos piscines <\/h2>\n\n\n\n<p>TahitiPose vous proposes ses diff\u00e9rentes piscines pour combler vos pr\u00e9f\u00e9rences :<\/p>\n\n\n\n<figure class=\"wp-block-gallery columns-1 is-cropped\"><ul class=\"blocks-gallery-grid\"><li class=\"blocks-gallery-item\"><figure><img loading=\"lazy\" width=\"564\" height=\"423\" src=\"https:\/\/tcvp4.donbosco-tahiti.pf\/wp-content\/uploads\/2020\/01\/12782-piscine_ecologique_linteret_dune_baignade_au_naturel-1.jpg\" alt=\"\" data-id=\"45\" data-full-url=\"https:\/\/tcvp4.donbosco-tahiti.pf\/wp-content\/uploads\/2020\/01\/12782-piscine_ecologique_linteret_dune_baignade_au_naturel-1.jpg\" data-link=\"https:\/\/tcvp4.donbosco-tahiti.pf\/?attachment_id=45\" class=\"wp-image-45\" srcset=\"https:\/\/tcvp4.donbosco-tahiti.pf\/wp-content\/uploads\/2020\/01\/12782-piscine_ecologique_linteret_dune_baignade_au_naturel-1.jpg 564w, https:\/\/tcvp4.donbosco-tahiti.pf\/wp-content\/uploads\/2020\/01\/12782-piscine_ecologique_linteret_dune_baignade_au_naturel-1-300x225.jpg 300w\" sizes=\"(max-width: 564px) 100vw, 564px\" \/><\/figure><\/li><\/ul><figcaption class=\"blocks-gallery-caption\">Piscines naturelles<\/figcaption><\/figure>\n\n\n\n<figure class=\"wp-block-gallery columns-1 is-cropped\"><ul class=\"blocks-gallery-grid\"><li class=\"blocks-gallery-item\"><figure><img loading=\"lazy\" width=\"1000\" height=\"650\" src=\"https:\/\/tcvp4.donbosco-tahiti.pf\/wp-content\/uploads\/2020\/01\/double-piscine-a-debordement-avec-effet-miroir.jpg\" alt=\"\" data-id=\"18\" data-full-url=\"https:\/\/tcvp4.donbosco-tahiti.pf\/wp-content\/uploads\/2020\/01\/double-piscine-a-debordement-avec-effet-miroir.jpg\" data-link=\"https:\/\/tcvp4.donbosco-tahiti.pf\/?attachment_id=18\" class=\"wp-image-18\" srcset=\"https:\/\/tcvp4.donbosco-tahiti.pf\/wp-content\/uploads\/2020\/01\/double-piscine-a-debordement-avec-effet-miroir.jpg 1000w, https:\/\/tcvp4.donbosco-tahiti.pf\/wp-content\/uploads\/2020\/01\/double-piscine-a-debordement-avec-effet-miroir-300x195.jpg 300w, https:\/\/tcvp4.donbosco-tahiti.pf\/wp-content\/uploads\/2020\/01\/double-piscine-a-debordement-avec-effet-miroir-768x499.jpg 768w\" sizes=\"(max-width: 1000px) 100vw, 1000px\" \/><\/figure><\/li><\/ul><figcaption class=\"blocks-gallery-caption\">Piscines \u00e0 d\u00e9bordement<\/figcaption><\/figure>\n\n\n\n<figure class=\"wp-block-image size-large\"><img loading=\"lazy\" width=\"1024\" height=\"576\" src=\"https:\/\/tcvp4.donbosco-tahiti.pf\/wp-content\/uploads\/2020\/01\/DSC_0034-1024x576.jpg\" alt=\"\" class=\"wp-image-49\" srcset=\"https:\/\/tcvp4.donbosco-tahiti.pf\/wp-content\/uploads\/2020\/01\/DSC_0034-1024x576.jpg 1024w, https:\/\/tcvp4.donbosco-tahiti.pf\/wp-content\/uploads\/2020\/01\/DSC_0034-300x169.jpg 300w, https:\/\/tcvp4.donbosco-tahiti.pf\/wp-content\/uploads\/2020\/01\/DSC_0034-768x432.jpg 768w, https:\/\/tcvp4.donbosco-tahiti.pf\/wp-content\/uploads\/2020\/01\/DSC_0034-1536x864.jpg 1536w, https:\/\/tcvp4.donbosco-tahiti.pf\/wp-content\/uploads\/2020\/01\/DSC_0034-2048x1151.jpg 2048w, https:\/\/tcvp4.donbosco-tahiti.pf\/wp-content\/uploads\/2020\/01\/DSC_0034-1200x675.jpg 1200w, https:\/\/tcvp4.donbosco-tahiti.pf\/wp-content\/uploads\/2020\/01\/DSC_0034-1980x1113.jpg 1980w\" sizes=\"(max-width: 1024px) 100vw, 1024px\" \/><figcaption>Piscines int\u00e9rieur<\/figcaption><\/figure>\n","protected":false},"excerpt":{"rendered":"<p>Nos piscines TahitiPose vous proposes ses diff\u00e9rentes piscines pour combler vos pr\u00e9f\u00e9rences :<\/p>\n","protected":false},"author":2,"featured_media":0,"parent":0,"menu_order":0,"comment_status":"closed","ping_status":"closed","template":"","meta":[],"_links":{"self":[{"href":"https:\/\/tcvp4.donbosco-tahiti.pf\/index.php?rest_route=\/wp\/v2\/pages\/17"}],"collection":[{"href":"https:\/\/tcvp4.donbosco-tahiti.pf\/index.php?rest_route=\/wp\/v2\/pages"}],"about":[{"href":"https:\/\/tcvp4.donbosco-tahiti.pf\/index.php?rest_route=\/wp\/v2\/types\/page"}],"author":[{"embeddable":true,"href":"https:\/\/tcvp4.donbosco-tahiti.pf\/index.php?rest_route=\/wp\/v2\/users\/2"}],"replies":[{"embeddable":true,"href":"https:\/\/tcvp4.donbosco-tahiti.pf\/index.php?rest_route=%2Fwp%2Fv2%2Fcomments&post=17"}],"version-history":[{"count":7,"href":"https:\/\/tcvp4.donbosco-tahiti.pf\/index.php?rest_route=\/wp\/v2\/pages\/17\/revisions"}],"predecessor-version":[{"id":57,"href":"https:\/\/tcvp4.donbosco-tahiti.pf\/index.php?rest_route=\/wp\/v2\/pages\/17\/revisions\/57"}],"wp:attachment":[{"href":"https:\/\/tcvp4.donbosco-tahiti.pf\/index.php?rest_route=%2Fwp%2Fv2%2Fmedia&parent=17"}],"curies":[{"name":"wp","href":"https:\/\/api.w.org\/{rel}","templated":true}]}}